{"id":690,"date":"2015-10-20T22:51:58","date_gmt":"2015-10-20T20:51:58","guid":{"rendered":"http:\/\/zdravysex.sk\/?page_id=690"},"modified":"2021-11-23T21:20:10","modified_gmt":"2021-11-23T19:20:10","slug":"obchod","status":"publish","type":"page","link":"https:\/\/zdravysex.sk\/index.php\/obchod\/","title":{"rendered":"Obchod"},"content":{"rendered":"<p><em>Bro\u017e\u00farku V\u00fdchova k l\u00e1ske man\u017eelstvu a rodi\u010dovstvu v tla\u010denej podobe si m\u00f4\u017eete <a href=\"http:\/\/zdravysex.sk\/index.php\/brozurka\/\" target=\"_blank\" rel=\"noopener\">objedna\u0165 na tomto odkaze<\/a>.<\/em><\/p>\n<p><em>Dodanie je do 12 dn\u00ed.<\/em><\/p>\n<p><em>K\u00fapou podporujete \u0161\u00edrenie hodn\u00f4t zdravej rodiny, ml\u00e1de\u017ee a spolo\u010dnosti. \u010eakujeme.<\/em><\/p>\n<!-- Begin Yuzo --><div class='yuzo_related_post style-1'  data-version='5.12.70'><div class='yuzo_clearfixed yuzo__title yuzo__title'><h3>\u010eal\u0161ie \u010dl\u00e1nky<\/h3><\/div>\n\t\t\t\t\t\t  <div class=\"relatedthumb \" style=\"width:125px;float:left;overflow:hidden;\">  \n\t\t\t\t\t\t\t  \n\t\t\t\t\t\t\t  <a  href=\"https:\/\/zdravysex.sk\/index.php\/2015\/10\/16\/dokumentarny-film-praotcovia-skorej-sexualizacie-deti\/\"  >\n\t\t\t\t\t\t\t\t\t  <div class=\"yuzo-img-wrap \" style=\"width: 125px;height:90px;\">\n\t\t\t\t\t\t\t\t\t\t\n\t\t\t\t\t\t\t\t\t\t<div class=\"yuzo-img\" style=\"background:url('https:\/\/zdravysex.sk\/wp-content\/uploads\/2015\/10\/children-660219-150x150.jpg') 50% 50% no-repeat;width: 125px;height:90px;margin-bottom: 5px;background-size: cover; \"><\/div>\n\t\t\t\t\t\t\t\t\t  <\/div>\n\t\t\t\t\t\t\t\t\t  \n\t\t\t\t\t\t\t\t   <span class=\"yuzo__text--title\" style=\"font-size:13px;\">Dokument\u00e1rny film \u2013 Praotcovia skorej sexual...<\/span>\n\t\t\t\t\t\t\t  \n\t\t\t\t\t\t\t  \n\t\t\t\t\t\t\t  <\/a>\n\n\t\t\t\t\t\t  <\/div>\n\t\t\t\t\t\t  <div class=\"relatedthumb \" style=\"width:125px;float:left;overflow:hidden;\">  \n\t\t\t\t\t\t\t  \n\t\t\t\t\t\t\t  <a  href=\"https:\/\/zdravysex.sk\/index.php\/2015\/10\/15\/kapitola-28-sex-a-kratky-pohlad-do-nedavnej-historie-kultury-zapadu\/\"  >\n\t\t\t\t\t\t\t\t\t  <div class=\"yuzo-img-wrap \" style=\"width: 125px;height:90px;\">\n\t\t\t\t\t\t\t\t\t\t\n\t\t\t\t\t\t\t\t\t\t<div class=\"yuzo-img\" style=\"background:url('https:\/\/zdravysex.sk\/wp-content\/uploads\/2015\/10\/natural-history-museum-545185-150x150.jpg') 50% 50% no-repeat;width: 125px;height:90px;margin-bottom: 5px;background-size: cover; \"><\/div>\n\t\t\t\t\t\t\t\t\t  <\/div>\n\t\t\t\t\t\t\t\t\t  \n\t\t\t\t\t\t\t\t   <span class=\"yuzo__text--title\" style=\"font-size:13px;\">Kapitola 28 \u2013 Sex a kr\u00e1tky poh\u013ead do ned\u00e1vne...<\/span>\n\t\t\t\t\t\t\t  \n\t\t\t\t\t\t\t  \n\t\t\t\t\t\t\t  <\/a>\n\n\t\t\t\t\t\t  <\/div>\n\t\t\t\t\t\t  <div class=\"relatedthumb \" style=\"width:125px;float:left;overflow:hidden;\">  \n\t\t\t\t\t\t\t  \n\t\t\t\t\t\t\t  <a  href=\"https:\/\/zdravysex.sk\/index.php\/2015\/10\/14\/kapitola-15-pornografia-a-sexualna-zavislost\/\"  >\n\t\t\t\t\t\t\t\t\t  <div class=\"yuzo-img-wrap \" style=\"width: 125px;height:90px;\">\n\t\t\t\t\t\t\t\t\t\t\n\t\t\t\t\t\t\t\t\t\t<div class=\"yuzo-img\" style=\"background:url('https:\/\/zdravysex.sk\/wp-content\/uploads\/2015\/10\/selfie-933229-150x150.jpg') 50% 50% no-repeat;width: 125px;height:90px;margin-bottom: 5px;background-size: cover; \"><\/div>\n\t\t\t\t\t\t\t\t\t  <\/div>\n\t\t\t\t\t\t\t\t\t  \n\t\t\t\t\t\t\t\t   <span class=\"yuzo__text--title\" style=\"font-size:13px;\">Kapitola 15 \u2013 Pornografia a sexu\u00e1lna z\u00e1vislo...<\/span>\n\t\t\t\t\t\t\t  \n\t\t\t\t\t\t\t  \n\t\t\t\t\t\t\t  <\/a>\n\n\t\t\t\t\t\t  <\/div>\n\t\t\t\t\t\t  <div class=\"relatedthumb \" style=\"width:125px;float:left;overflow:hidden;\">  \n\t\t\t\t\t\t\t  \n\t\t\t\t\t\t\t  <a  href=\"https:\/\/zdravysex.sk\/index.php\/2019\/04\/15\/video-seria-s-odbornou-prednaskou-na-temu-gender\/\"  >\n\t\t\t\t\t\t\t\t\t  <div class=\"yuzo-img-wrap \" style=\"width: 125px;height:90px;\">\n\t\t\t\t\t\t\t\t\t\t\n\t\t\t\t\t\t\t\t\t\t<div class=\"yuzo-img\" style=\"background:url('https:\/\/zdravysex.sk\/wp-content\/uploads\/2019\/04\/gender_ideology-150x150.png') 50% 50% no-repeat;width: 125px;height:90px;margin-bottom: 5px;background-size: cover; \"><\/div>\n\t\t\t\t\t\t\t\t\t  <\/div>\n\t\t\t\t\t\t\t\t\t  \n\t\t\t\t\t\t\t\t   <span class=\"yuzo__text--title\" style=\"font-size:13px;\">Video s\u00e9ria s odbornou predn\u00e1\u0161kou na t\u00e9mu gender...<\/span>\n\t\t\t\t\t\t\t  \n\t\t\t\t\t\t\t  \n\t\t\t\t\t\t\t  <\/a>\n\n\t\t\t\t\t\t  <\/div>\n\t\t\t\t\t\t  <div class=\"relatedthumb \" style=\"width:125px;float:left;overflow:hidden;\">  \n\t\t\t\t\t\t\t  \n\t\t\t\t\t\t\t  <a  href=\"https:\/\/zdravysex.sk\/index.php\/2015\/10\/14\/kapitola-12-volny-sex\/\"  >\n\t\t\t\t\t\t\t\t\t  <div class=\"yuzo-img-wrap \" style=\"width: 125px;height:90px;\">\n\t\t\t\t\t\t\t\t\t\t\n\t\t\t\t\t\t\t\t\t\t<div class=\"yuzo-img\" style=\"background:url('https:\/\/zdravysex.sk\/wp-content\/uploads\/2015\/10\/couple-915984-150x150.jpg') 50% 50% no-repeat;width: 125px;height:90px;margin-bottom: 5px;background-size: cover; \"><\/div>\n\t\t\t\t\t\t\t\t\t  <\/div>\n\t\t\t\t\t\t\t\t\t  \n\t\t\t\t\t\t\t\t   <span class=\"yuzo__text--title\" style=\"font-size:13px;\">Kapitola 12 \u2013 Vo\u013en\u00fd sex<\/span>\n\t\t\t\t\t\t\t  \n\t\t\t\t\t\t\t  \n\t\t\t\t\t\t\t  <\/a>\n\n\t\t\t\t\t\t  <\/div>\n<\/div> <style>\n\t\t\t\t\t\t\t\t.yuzo_related_post img{width:120px !important; height:110px !important;}\n\t\t\t\t\t\t\t\t.yuzo_related_post .relatedthumb{line-height:15px;background: !important;color:!important;}\n\t\t\t\t\t\t\t\t.yuzo_related_post .relatedthumb:hover{background:#fcfcf4 !important; -webkit-transition: background 0.2s linear; -moz-transition: background 0.2s linear; -o-transition: background 0.2s linear; transition: background 0.2s linear;;color:!important;}\n\t\t\t\t\t\t\t\t.yuzo_related_post .relatedthumb a{color:!important;}\n\t\t\t\t\t\t\t\t.yuzo_related_post .relatedthumb a:hover{ color:}!important;}\n\t\t\t\t\t\t\t\t.yuzo_related_post .relatedthumb:hover a{ color:!important;}\n\t\t\t\t\t\t\t\t.yuzo_related_post .yuzo_text {color:!important;}\n\t\t\t\t\t\t\t\t.yuzo_related_post .relatedthumb:hover .yuzo_text {color:!important;}\n\t\t\t\t\t\t\t\t.yuzo_related_post .relatedthumb{  margin: 0px  0px  0px  0px;   padding: 5px  5px  5px  5px;  }\n\t\t\t\t\t\t\t\t\n\t\t\t\t\t\t\t\t<\/style> <script>\n\t\t\t\t\t\t  jQuery(document).ready(function( $ ){\n\t\t\t\t\t\t\t\/\/jQuery('.yuzo_related_post').equalizer({ overflow : 'relatedthumb' });\n\t\t\t\t\t\t\tjQuery('.yuzo_related_post .yuzo_wraps').equalizer({ columns : '> div' });\n\t\t\t\t\t\t   })\n\t\t\t\t\t\t  <\/script> <!-- End Yuzo :) -->","protected":false},"excerpt":{"rendered":"<p>Bro\u017e\u00farku V\u00fdchova k l\u00e1ske man\u017eelstvu a rodi\u010dovstvu v tla\u010denej podobe si m\u00f4\u017eete objedna\u0165 na tomto odkaze. Dodanie je do 12 dn\u00ed. K\u00fapou podporujete \u0161\u00edrenie hodn\u00f4t zdravej rodiny, ml\u00e1de\u017ee a spolo\u010dnosti. \u010eakujeme. \u010eal\u0161ie \u010dl\u00e1nky Kr\u00e1tke in\u0161pirat\u00edvne vide\u00e1 Postabort\u00edvny syndr\u00f3m je fakt Jordan Peterson \u2013 Dlhodob\u00e9 vs. kr\u00e1tkodob\u00e9 vz&#8230; Neschopnos\u0165 uzna\u0165, \u017ee \u017eensk\u00e9 telo m\u00e1 ve\u013ek\u00fd potenci&#8230; Kapitola 26 \u2013 Rodov\u00e1 rovnos\u0165<\/p>\n","protected":false},"author":3,"featured_media":691,"parent":0,"menu_order":0,"comment_status":"closed","ping_status":"closed","template":"","meta":{"footnotes":""},"class_list":["post-690","page","type-page","status-publish","has-post-thumbnail","hentry"],"_links":{"self":[{"href":"https:\/\/zdravysex.sk\/index.php\/wp-json\/wp\/v2\/pages\/690","targetHints":{"allow":["GET"]}}],"collection":[{"href":"https:\/\/zdravysex.sk\/index.php\/wp-json\/wp\/v2\/pages"}],"about":[{"href":"https:\/\/zdravysex.sk\/index.php\/wp-json\/wp\/v2\/types\/page"}],"author":[{"embeddable":true,"href":"https:\/\/zdravysex.sk\/index.php\/wp-json\/wp\/v2\/users\/3"}],"replies":[{"embeddable":true,"href":"https:\/\/zdravysex.sk\/index.php\/wp-json\/wp\/v2\/comments?post=690"}],"version-history":[{"count":12,"href":"https:\/\/zdravysex.sk\/index.php\/wp-json\/wp\/v2\/pages\/690\/revisions"}],"predecessor-version":[{"id":1124,"href":"https:\/\/zdravysex.sk\/index.php\/wp-json\/wp\/v2\/pages\/690\/revisions\/1124"}],"wp:featuredmedia":[{"embeddable":true,"href":"https:\/\/zdravysex.sk\/index.php\/wp-json\/wp\/v2\/media\/691"}],"wp:attachment":[{"href":"https:\/\/zdravysex.sk\/index.php\/wp-json\/wp\/v2\/media?parent=690"}],"curies":[{"name":"wp","href":"https:\/\/api.w.org\/{rel}","templated":true}]}}