{"id":747,"date":"2015-12-31T18:15:32","date_gmt":"2015-12-31T16:15:32","guid":{"rendered":"http:\/\/zdravysex.sk\/?page_id=747"},"modified":"2022-10-01T10:17:12","modified_gmt":"2022-10-01T08:17:12","slug":"brozurka","status":"publish","type":"page","link":"https:\/\/zdravysex.sk\/index.php\/brozurka\/","title":{"rendered":"Bro\u017e\u00farka &#8211; V\u00fdchova k l\u00e1ske, man\u017eelstvu a rodi\u010dovstvu"},"content":{"rendered":"<p><img loading=\"lazy\" decoding=\"async\" class=\"alignnone size-medium wp-image-755\" src=\"http:\/\/zdravysex.sk\/wp-content\/uploads\/2015\/12\/sexualna_vychova-213x300.jpg\" alt=\"sexualna_vychova\" width=\"213\" height=\"300\" srcset=\"https:\/\/zdravysex.sk\/wp-content\/uploads\/2015\/12\/sexualna_vychova-213x300.jpg 213w, https:\/\/zdravysex.sk\/wp-content\/uploads\/2015\/12\/sexualna_vychova.jpg 367w\" sizes=\"auto, (max-width: 213px) 100vw, 213px\" \/><br \/>\n<strong>V\u00fdchova k l\u00e1ske, man\u017eelstvu a rodi\u010dovstvu v tla\u010denej 72 stranovej podobe vo form\u00e1te A5. Bro\u017e\u00farka je vhodn\u00e1 najm\u00e4 pre dospievaj\u00facu ml\u00e1de\u017e. Cena za 1ks bro\u017e\u00farky je 1,50\u20ac. Po\u0161tovn\u00e9 a baln\u00e9 je bez oh\u013eadu na objednan\u00fd po\u010det kusov 2,85\u20ac. Cena za po\u0161tovn\u00e9 a baln\u00e9 do \u010ceskej republiky je 4\u20ac. <\/strong><\/p>\n<p><strong>Bro\u017e\u00farku si m\u00f4\u017eete objedna\u0165 cez nasleduj\u00faci formul\u00e1r:<\/strong><\/p>\n\n<div class=\"wpcf7 no-js\" id=\"wpcf7-f748-o1\" lang=\"sk-SK\" dir=\"ltr\" data-wpcf7-id=\"748\">\n<div class=\"screen-reader-response\"><p role=\"status\" aria-live=\"polite\" aria-atomic=\"true\"><\/p> <ul><\/ul><\/div>\n<form action=\"\/index.php\/wp-json\/wp\/v2\/pages\/747#wpcf7-f748-o1\" method=\"post\" class=\"wpcf7-form init\" aria-label=\"Kontaktn\u00fd formul\u00e1r\" novalidate=\"novalidate\" data-status=\"init\">\n<fieldset class=\"hidden-fields-container\"><input type=\"hidden\" name=\"_wpcf7\" value=\"748\" \/><input type=\"hidden\" name=\"_wpcf7_version\" value=\"6.1.5\" \/><input type=\"hidden\" name=\"_wpcf7_locale\" value=\"sk_SK\" \/><input type=\"hidden\" name=\"_wpcf7_unit_tag\" value=\"wpcf7-f748-o1\" \/><input type=\"hidden\" name=\"_wpcf7_container_post\" value=\"0\" \/><input type=\"hidden\" name=\"_wpcf7_posted_data_hash\" value=\"\" \/>\n<\/fieldset>\n<p><b>Po\u010det objedn\u00e1van\u00fdch bro\u017e\u00farok V\u00fdchova k l\u00e1ske, man\u017eelstvu a rodi\u010dovstvu:<\/b>\n<\/p>\n<p><span class=\"wpcf7-form-control-wrap\" data-name=\"number-911\"><input class=\"wpcf7-form-control wpcf7-number wpcf7-validates-as-number\" min=\"1\" max=\"9000\" step=\"1\" aria-invalid=\"false\" placeholder=\"0\" value=\"\" type=\"number\" name=\"number-911\" \/><\/span>\n<\/p>\n<p>Va\u0161e meno (povinn\u00e9)\n<\/p>\n<p><span class=\"wpcf7-form-control-wrap\" data-name=\"your-name\"><input size=\"40\" maxlength=\"400\" class=\"wpcf7-form-control wpcf7-text wpcf7-validates-as-required\" aria-required=\"true\" aria-invalid=\"false\" value=\"\" type=\"text\" name=\"your-name\" \/><\/span>\n<\/p>\n<p>Priezvisko (povinn\u00e9)\n<\/p>\n<p><span class=\"wpcf7-form-control-wrap\" data-name=\"your-subject\"><input size=\"40\" maxlength=\"400\" class=\"wpcf7-form-control wpcf7-text wpcf7-validates-as-required\" aria-required=\"true\" aria-invalid=\"false\" value=\"\" type=\"text\" name=\"your-subject\" \/><\/span>\n<\/p>\n<p>Email (povinn\u00e9)\n<\/p>\n<p><span class=\"wpcf7-form-control-wrap\" data-name=\"your-email\"><input size=\"40\" maxlength=\"400\" class=\"wpcf7-form-control wpcf7-email wpcf7-validates-as-required wpcf7-text wpcf7-validates-as-email\" aria-required=\"true\" aria-invalid=\"false\" value=\"\" type=\"email\" name=\"your-email\" \/><\/span>\n<\/p>\n<p>Adresa (ulica a \u010d\u00edslo)\n<\/p>\n<p><span class=\"wpcf7-form-control-wrap\" data-name=\"Adresa\"><input size=\"40\" maxlength=\"400\" class=\"wpcf7-form-control wpcf7-text wpcf7-validates-as-required\" aria-required=\"true\" aria-invalid=\"false\" value=\"\" type=\"text\" name=\"Adresa\" \/><\/span>\n<\/p>\n<p>Mesto (povinn\u00e9)\n<\/p>\n<p><span class=\"wpcf7-form-control-wrap\" data-name=\"Mesto\"><input size=\"40\" maxlength=\"400\" class=\"wpcf7-form-control wpcf7-text wpcf7-validates-as-required\" aria-required=\"true\" aria-invalid=\"false\" value=\"\" type=\"text\" name=\"Mesto\" \/><\/span>\n<\/p>\n<p>PS\u010c (povinn\u00e9)\n<\/p>\n<p><span class=\"wpcf7-form-control-wrap\" data-name=\"PSC\"><input size=\"40\" maxlength=\"400\" class=\"wpcf7-form-control wpcf7-text wpcf7-validates-as-required\" aria-required=\"true\" aria-invalid=\"false\" value=\"\" type=\"text\" name=\"PSC\" \/><\/span>\n<\/p>\n<p>AK NAKUPUJETE PRE FIRMU ALEBO IN\u0160TIT\u00daCIU, VYPL\u0147TE PROS\u00cdM AJ NASLEDUJ\u00daCE \u00daDAJE\n<\/p>\n<p>N\u00e1zov firmy\n<\/p>\n<p><span class=\"wpcf7-form-control-wrap\" data-name=\"Nazov\"><input size=\"40\" maxlength=\"400\" class=\"wpcf7-form-control wpcf7-text\" aria-invalid=\"false\" value=\"\" type=\"text\" name=\"Nazov\" \/><\/span>\n<\/p>\n<p>I\u010cO\n<\/p>\n<p><span class=\"wpcf7-form-control-wrap\" data-name=\"ICO\"><input size=\"40\" maxlength=\"400\" class=\"wpcf7-form-control wpcf7-text\" aria-invalid=\"false\" value=\"\" type=\"text\" name=\"ICO\" \/><\/span>\n<\/p>\n<p>DI\u010c\n<\/p>\n<p><span class=\"wpcf7-form-control-wrap\" data-name=\"DIC\"><input size=\"40\" maxlength=\"400\" class=\"wpcf7-form-control wpcf7-text\" aria-invalid=\"false\" value=\"\" type=\"text\" name=\"DIC\" \/><\/span>\n<\/p>\n<p><span class=\"wpcf7-form-control-wrap\" data-name=\"checkbox-324\"><span class=\"wpcf7-form-control wpcf7-checkbox wpcf7-validates-as-required\"><span class=\"wpcf7-list-item first last\"><input type=\"checkbox\" name=\"checkbox-324[]\" value=\"Beriem na vedomie spracovanie osobn\u00fdch \u00fadajov\" \/><span class=\"wpcf7-list-item-label\">Beriem na vedomie spracovanie osobn\u00fdch \u00fadajov<\/span><\/span><\/span><\/span>\n<\/p>\n<p><input type=\"hidden\" name=\"_wpcf7_captcha_challenge_captcha-711\" value=\"2728288460\" \/><img loading=\"lazy\" decoding=\"async\" class=\"wpcf7-form-control wpcf7-captchac wpcf7-captcha-captcha-711\" width=\"72\" height=\"24\" alt=\"captcha\" src=\"https:\/\/zdravysex.sk\/wp-content\/uploads\/wpcf7_captcha\/2728288460.png\" \/><br \/>\nSem prep\u00ed\u0161te text z obr\u00e1zka:<br \/>\n<span class=\"wpcf7-form-control-wrap\" data-name=\"captcha-711\"><input size=\"40\" class=\"wpcf7-form-control wpcf7-captchar\" autocomplete=\"off\" aria-invalid=\"false\" value=\"\" type=\"text\" name=\"captcha-711\" \/><\/span>\n<\/p>\n<p><input class=\"wpcf7-form-control wpcf7-submit has-spinner\" type=\"submit\" value=\"Objedna\u0165\" \/>\n<\/p><div class=\"wpcf7-response-output\" aria-hidden=\"true\"><\/div>\n<\/form>\n<\/div>\n\n<!-- Begin Yuzo --><div class='yuzo_related_post style-1'  data-version='5.12.70'><div class='yuzo_clearfixed yuzo__title yuzo__title'><h3>\u010eal\u0161ie \u010dl\u00e1nky<\/h3><\/div>\n\t\t\t\t\t\t  <div class=\"relatedthumb \" style=\"width:125px;float:left;overflow:hidden;\">  \n\t\t\t\t\t\t\t  \n\t\t\t\t\t\t\t  <a  href=\"https:\/\/zdravysex.sk\/index.php\/2022\/09\/10\/12-rad-pre-zdravu-psychiku-ako-zaklad-zdraveho-rodinneho-a-manzelskeho-zivota\/\"  >\n\t\t\t\t\t\t\t\t\t  <div class=\"yuzo-img-wrap \" style=\"width: 125px;height:90px;\">\n\t\t\t\t\t\t\t\t\t\t\n\t\t\t\t\t\t\t\t\t\t<div class=\"yuzo-img\" style=\"background:url('https:\/\/zdravysex.sk\/wp-content\/uploads\/2022\/09\/plaz_psychicke_zdravie-150x150.jpg') 50% 50% no-repeat;width: 125px;height:90px;margin-bottom: 5px;background-size: cover; \"><\/div>\n\t\t\t\t\t\t\t\t\t  <\/div>\n\t\t\t\t\t\t\t\t\t  \n\t\t\t\t\t\t\t\t   <span class=\"yuzo__text--title\" style=\"font-size:13px;\">12 r\u00e1d pre zdrav\u00fa psychiku ako z\u00e1klad zdrav\u00e9ho rod...<\/span>\n\t\t\t\t\t\t\t  \n\t\t\t\t\t\t\t  \n\t\t\t\t\t\t\t  <\/a>\n\n\t\t\t\t\t\t  <\/div>\n\t\t\t\t\t\t  <div class=\"relatedthumb \" style=\"width:125px;float:left;overflow:hidden;\">  \n\t\t\t\t\t\t\t  \n\t\t\t\t\t\t\t  <a  href=\"https:\/\/zdravysex.sk\/index.php\/2015\/10\/14\/kapitola-14-moda-a-obliekanie-treba-byt-sexi\/\"  >\n\t\t\t\t\t\t\t\t\t  <div class=\"yuzo-img-wrap \" style=\"width: 125px;height:90px;\">\n\t\t\t\t\t\t\t\t\t\t\n\t\t\t\t\t\t\t\t\t\t<div class=\"yuzo-img\" style=\"background:url('https:\/\/zdravysex.sk\/wp-content\/uploads\/2015\/10\/woman-578429-150x150.jpg') 50% 50% no-repeat;width: 125px;height:90px;margin-bottom: 5px;background-size: cover; \"><\/div>\n\t\t\t\t\t\t\t\t\t  <\/div>\n\t\t\t\t\t\t\t\t\t  \n\t\t\t\t\t\t\t\t   <span class=\"yuzo__text--title\" style=\"font-size:13px;\">Kapitola 14 \u2013 M\u00f3da a obliekanie. Treba by\u0165 s...<\/span>\n\t\t\t\t\t\t\t  \n\t\t\t\t\t\t\t  \n\t\t\t\t\t\t\t  <\/a>\n\n\t\t\t\t\t\t  <\/div>\n\t\t\t\t\t\t  <div class=\"relatedthumb \" style=\"width:125px;float:left;overflow:hidden;\">  \n\t\t\t\t\t\t\t  \n\t\t\t\t\t\t\t  <a  href=\"https:\/\/zdravysex.sk\/index.php\/2015\/10\/15\/kapitola-16-masturbacia\/\"  >\n\t\t\t\t\t\t\t\t\t  <div class=\"yuzo-img-wrap \" style=\"width: 125px;height:90px;\">\n\t\t\t\t\t\t\t\t\t\t\n\t\t\t\t\t\t\t\t\t\t<div class=\"yuzo-img\" style=\"background:url('https:\/\/zdravysex.sk\/wp-content\/uploads\/2015\/10\/man-96587-150x150.jpg') 50% 50% no-repeat;width: 125px;height:90px;margin-bottom: 5px;background-size: cover; \"><\/div>\n\t\t\t\t\t\t\t\t\t  <\/div>\n\t\t\t\t\t\t\t\t\t  \n\t\t\t\t\t\t\t\t   <span class=\"yuzo__text--title\" style=\"font-size:13px;\">Kapitola 16 \u2013 Masturb\u00e1cia<\/span>\n\t\t\t\t\t\t\t  \n\t\t\t\t\t\t\t  \n\t\t\t\t\t\t\t  <\/a>\n\n\t\t\t\t\t\t  <\/div>\n\t\t\t\t\t\t  <div class=\"relatedthumb \" style=\"width:125px;float:left;overflow:hidden;\">  \n\t\t\t\t\t\t\t  \n\t\t\t\t\t\t\t  <a  href=\"https:\/\/zdravysex.sk\/index.php\/2016\/02\/18\/zenevsky-biskup-o-mode-a-obliekani-a-co-na-to-slovensky-bulvar\/\"  >\n\t\t\t\t\t\t\t\t\t  <div class=\"yuzo-img-wrap \" style=\"width: 125px;height:90px;\">\n\t\t\t\t\t\t\t\t\t\t\n\t\t\t\t\t\t\t\t\t\t<div class=\"yuzo-img\" style=\"background:url('https:\/\/zdravysex.sk\/wp-content\/uploads\/2016\/02\/fashion-985556_1280-150x150.jpg') 50% 50% no-repeat;width: 125px;height:90px;margin-bottom: 5px;background-size: cover; \"><\/div>\n\t\t\t\t\t\t\t\t\t  <\/div>\n\t\t\t\t\t\t\t\t\t  \n\t\t\t\t\t\t\t\t   <span class=\"yuzo__text--title\" style=\"font-size:13px;\">\u017denevsk\u00fd biskup o m\u00f3de a obliekan\u00ed a \u010do na to slov...<\/span>\n\t\t\t\t\t\t\t  \n\t\t\t\t\t\t\t  \n\t\t\t\t\t\t\t  <\/a>\n\n\t\t\t\t\t\t  <\/div>\n\t\t\t\t\t\t  <div class=\"relatedthumb \" style=\"width:125px;float:left;overflow:hidden;\">  \n\t\t\t\t\t\t\t  \n\t\t\t\t\t\t\t  <a  href=\"https:\/\/zdravysex.sk\/index.php\/2025\/09\/25\/ako-pristupovat-k-detom-s-poruchou-pohlavnej-identity\/\"  >\n\t\t\t\t\t\t\t\t\t  <div class=\"yuzo-img-wrap \" style=\"width: 125px;height:90px;\">\n\t\t\t\t\t\t\t\t\t\t\n\t\t\t\t\t\t\t\t\t\t<div class=\"yuzo-img\" style=\"background:url('https:\/\/zdravysex.sk\/wp-content\/uploads\/2025\/09\/trans-150x150.jpg') 50% 50% no-repeat;width: 125px;height:90px;margin-bottom: 5px;background-size: cover; \"><\/div>\n\t\t\t\t\t\t\t\t\t  <\/div>\n\t\t\t\t\t\t\t\t\t  \n\t\t\t\t\t\t\t\t   <span class=\"yuzo__text--title\" style=\"font-size:13px;\">Ako pristupova\u0165 k de\u0165om s poruchou pohlavnej ident...<\/span>\n\t\t\t\t\t\t\t  \n\t\t\t\t\t\t\t  \n\t\t\t\t\t\t\t  <\/a>\n\n\t\t\t\t\t\t  <\/div>\n<\/div> <style>\n\t\t\t\t\t\t\t\t.yuzo_related_post img{width:120px !important; height:110px !important;}\n\t\t\t\t\t\t\t\t.yuzo_related_post .relatedthumb{line-height:15px;background: !important;color:!important;}\n\t\t\t\t\t\t\t\t.yuzo_related_post .relatedthumb:hover{background:#fcfcf4 !important; -webkit-transition: background 0.2s linear; -moz-transition: background 0.2s linear; -o-transition: background 0.2s linear; transition: background 0.2s linear;;color:!important;}\n\t\t\t\t\t\t\t\t.yuzo_related_post .relatedthumb a{color:!important;}\n\t\t\t\t\t\t\t\t.yuzo_related_post .relatedthumb a:hover{ color:}!important;}\n\t\t\t\t\t\t\t\t.yuzo_related_post .relatedthumb:hover a{ color:!important;}\n\t\t\t\t\t\t\t\t.yuzo_related_post .yuzo_text {color:!important;}\n\t\t\t\t\t\t\t\t.yuzo_related_post .relatedthumb:hover .yuzo_text {color:!important;}\n\t\t\t\t\t\t\t\t.yuzo_related_post .relatedthumb{  margin: 0px  0px  0px  0px;   padding: 5px  5px  5px  5px;  }\n\t\t\t\t\t\t\t\t\n\t\t\t\t\t\t\t\t<\/style> <script>\n\t\t\t\t\t\t  jQuery(document).ready(function( $ ){\n\t\t\t\t\t\t\t\/\/jQuery('.yuzo_related_post').equalizer({ overflow : 'relatedthumb' });\n\t\t\t\t\t\t\tjQuery('.yuzo_related_post .yuzo_wraps').equalizer({ columns : '> div' });\n\t\t\t\t\t\t   })\n\t\t\t\t\t\t  <\/script> <!-- End Yuzo :) -->","protected":false},"excerpt":{"rendered":"<p>V\u00fdchova k l\u00e1ske, man\u017eelstvu a rodi\u010dovstvu v tla\u010denej 72 stranovej podobe vo form\u00e1te A5. Bro\u017e\u00farka je vhodn\u00e1 najm\u00e4 pre dospievaj\u00facu ml\u00e1de\u017e. Cena za 1ks bro\u017e\u00farky je 1,50\u20ac. Po\u0161tovn\u00e9 a baln\u00e9 je bez oh\u013eadu na objednan\u00fd po\u010det kusov 2,85\u20ac. Cena za po\u0161tovn\u00e9 a baln\u00e9 do \u010ceskej republiky je 4\u20ac. Bro\u017e\u00farku si m\u00f4\u017eete objedna\u0165 cez nasleduj\u00faci formul\u00e1r: \u010eal\u0161ie \u010dl\u00e1nky ZdravySex News 2022<\/p>\n","protected":false},"author":3,"featured_media":0,"parent":0,"menu_order":0,"comment_status":"closed","ping_status":"closed","template":"","meta":{"footnotes":""},"class_list":["post-747","page","type-page","status-publish","hentry"],"_links":{"self":[{"href":"https:\/\/zdravysex.sk\/index.php\/wp-json\/wp\/v2\/pages\/747","targetHints":{"allow":["GET"]}}],"collection":[{"href":"https:\/\/zdravysex.sk\/index.php\/wp-json\/wp\/v2\/pages"}],"about":[{"href":"https:\/\/zdravysex.sk\/index.php\/wp-json\/wp\/v2\/types\/page"}],"author":[{"embeddable":true,"href":"https:\/\/zdravysex.sk\/index.php\/wp-json\/wp\/v2\/users\/3"}],"replies":[{"embeddable":true,"href":"https:\/\/zdravysex.sk\/index.php\/wp-json\/wp\/v2\/comments?post=747"}],"version-history":[{"count":11,"href":"https:\/\/zdravysex.sk\/index.php\/wp-json\/wp\/v2\/pages\/747\/revisions"}],"predecessor-version":[{"id":1221,"href":"https:\/\/zdravysex.sk\/index.php\/wp-json\/wp\/v2\/pages\/747\/revisions\/1221"}],"wp:attachment":[{"href":"https:\/\/zdravysex.sk\/index.php\/wp-json\/wp\/v2\/media?parent=747"}],"curies":[{"name":"wp","href":"https:\/\/api.w.org\/{rel}","templated":true}]}}